{"id":9271,"date":"2023-09-29T15:23:12","date_gmt":"2023-09-29T13:23:12","guid":{"rendered":"https:\/\/blog.rollorieper.de\/?page_id=9271"},"modified":"2023-10-05T10:29:57","modified_gmt":"2023-10-05T08:29:57","slug":"pressemitteilung","status":"publish","type":"page","link":"https:\/\/www.rollorieper.de\/blog\/pressemitteilung","title":{"rendered":"Pressemitteilung"},"content":{"rendered":"<div style=\"overflow: hidden; padding: 10px;\">\n<p><img decoding=\"async\" class=\"siez-full wp-image-9272 size-medium\" title=\"Der Autor\" src=\"https:\/\/www.rollorieper.de\/blog\/wp-content\/uploads\/2023\/09\/pressemitteilung_rund-300x300.jpg\" alt=\"pressemitteilung rund\" width=\"300\" height=\"300\" srcset=\"https:\/\/www.rollorieper.de\/blog\/wp-content\/uploads\/2023\/09\/pressemitteilung_rund-300x300.jpg 300w, https:\/\/www.rollorieper.de\/blog\/wp-content\/uploads\/2023\/09\/pressemitteilung_rund-460x460.jpg 460w, https:\/\/www.rollorieper.de\/blog\/wp-content\/uploads\/2023\/09\/pressemitteilung_rund-150x150.jpg 150w, https:\/\/www.rollorieper.de\/blog\/wp-content\/uploads\/2023\/09\/pressemitteilung_rund.jpg 507w\" sizes=\"(max-width: 300px) 100vw, 300px\" \/><\/p>\n<\/div>\n<h2>Autor: Pressemitteilung<\/h2>\n<p>Regelm\u00e4\u00dfig erhalten wir journalistische Anfragen zu unserem Unternehmen und der zugeh\u00f6rigen Produktwelt. Darum haben wir hier einen Platz f\u00fcr informative Pressemitteilungen eingerichtet, mit Produktank\u00fcndigungen, Veranstaltungshinweisen und tiefen Einblicken in die Geschichte unseres Familienbetriebs. Wir halten Sie zu allen wichtigen Aspekten auf dem Laufenden, in pr\u00e4gnanten Beitr\u00e4gen und mit unserer \u00fcblichen Leidenschaft f\u00fcr Details.<\/p>\n<p>Gedacht sind unsere Mitteilungen f\u00fcr jeden, der mehr \u00fcber unsere hochwertigen Sonnenschutzprodukte und die Menschen hinter der bekannten Traditionsmarke Rollo Rieper erfahren m\u00f6chte. Interessierte Kunden sind ebenso herzlich zur Lekt\u00fcre eingeladen wie Leser, die mehr \u00fcber die Sonnenschutzbranche allgemein erfahren m\u00f6chten.<\/p>\n<p>Unsere Firmengeschichte begann im Jahr 1934, seitdem konnten wir einen wahren Schatz an Fachkenntnis und Expertise sammeln. Nehmen Sie Einblick in die Rollo-Rieper-Welt, in unsere Firmenphilosophie und Werte, unsere hohen Ambitionen und modernen Firmenstandards.<\/p>\n<p>Den Nachhaltigkeitsgedanken verfolgte bereits unser Unternehmensgr\u00fcnder Georg Rieper, der die erste M\u00f6glichkeit zur W\u00e4rmed\u00e4mmung durch Fensterrollos schuf. Wir setzen diese und andere Traditionen fort, kombinieren sie mit modernem Wissen und entwickeln sie weiter, zum Wohle unserer Kundschaft und einer Branche, die von der Innovationskraft lebt.<\/p>\n<div style=\"display: inline !important;\">\n<p>&nbsp;<\/p>\n<\/div>\n<div class=\"post-grid-wrapper\">\n<p><span class=\"title\">Lieblingsbeitr\u00e4ge<br \/>\n<\/span><\/p>\n<div class=\"post-grid\">\n<div class=\"post-item post-9098 post type-post status-publish format-standard has-post-thumbnail hentry category-sonnenschutz\">\n<div class=\"post-thumbnail\"><a title=\"Ausstellung Bremen 3D Rundgang!\" href=\"https:\/\/www.rollorieper.de\/blog\/3d-rundgang-ausstellung-bremen.html\"><br \/>\n<\/a><img decoding=\"async\" class=\"size-medium wp-image-8309\" title=\"Ausstellung Bremen 3D Rundgang\" src=\"https:\/\/www.rollorieper.de\/blog\/wp-content\/uploads\/2021\/12\/Ausstellung_Bremen_3D_Rundgang-300x169.png\" alt=\"Ausstellung Bremen 3D Rundgang von Rollo Rieper\" width=\"300\" height=\"169\" srcset=\"https:\/\/www.rollorieper.de\/blog\/wp-content\/uploads\/2021\/12\/Ausstellung_Bremen_3D_Rundgang-300x169.png 300w, https:\/\/www.rollorieper.de\/blog\/wp-content\/uploads\/2021\/12\/Ausstellung_Bremen_3D_Rundgang-460x259.png 460w, https:\/\/www.rollorieper.de\/blog\/wp-content\/uploads\/2021\/12\/Ausstellung_Bremen_3D_Rundgang-768x432.png 768w, https:\/\/www.rollorieper.de\/blog\/wp-content\/uploads\/2021\/12\/Ausstellung_Bremen_3D_Rundgang-1024x576.png 1024w, https:\/\/www.rollorieper.de\/blog\/wp-content\/uploads\/2021\/12\/Ausstellung_Bremen_3D_Rundgang-1536x864.png 1536w, https:\/\/www.rollorieper.de\/blog\/wp-content\/uploads\/2021\/12\/Ausstellung_Bremen_3D_Rundgang-2048x1152.png 2048w, https:\/\/www.rollorieper.de\/blog\/wp-content\/uploads\/2021\/12\/Ausstellung_Bremen_3D_Rundgang-150x84.png 150w, https:\/\/www.rollorieper.de\/blog\/wp-content\/uploads\/2021\/12\/Ausstellung_Bremen_3D_Rundgang-800x450.png 800w, https:\/\/www.rollorieper.de\/blog\/wp-content\/uploads\/2021\/12\/Ausstellung_Bremen_3D_Rundgang.png 1643w\" sizes=\"(max-width: 300px) 100vw, 300px\" \/><\/div>\n<div class=\"post-item-inner\">\n<h2 class=\"title\">3D-Rundgang der Ausstellung in Bremen wird immer beliebter<\/h2>\n<p><a class=\"btn filled\" title=\"3D-Rundgang der Ausstellung in Bremen wird immer beliebter\" href=\"https:\/\/www.rollorieper.de\/blog\/3d-rundgang-ausstellung-bremen.html\"><br \/>\nJetzt lesen<br \/>\n<\/a><\/p>\n<\/div>\n<\/div>\n<div class=\"post-item post-8757 post type-post status-publish format-standard has-post-thumbnail hentry category-sonnenschutz\">\n<div class=\"post-thumbnail\"><a title=\"3D-Rundgang der Ausstellung in Bremen wird immer beliebter\" href=\"https:\/\/www.rollorieper.de\/blog\/3d-rundgang-ausstellung-bremen.html\"><br \/>\n<\/a><img decoding=\"async\" class=\"size-medium wp-image-3901\" title=\"Kunststofffenster in der Ausstellung in Bremen bei Rollo Rieper \u2013 Montage f\u00fcr Fenster\" src=\"https:\/\/www.rollorieper.de\/blog\/wp-content\/uploads\/2017\/10\/Team_Rollo_Rieper_vor_Fenster_Grande_Classic_Oknoplast-300x281.jpeg\" alt=\"Kunststofffenster in der Ausstellung in Bremen bei Rollo Rieper \u2013 Montage f\u00fcr Fenster\" width=\"300\" height=\"281\" srcset=\"https:\/\/www.rollorieper.de\/blog\/wp-content\/uploads\/2017\/10\/Team_Rollo_Rieper_vor_Fenster_Grande_Classic_Oknoplast-300x281.jpeg 300w, https:\/\/www.rollorieper.de\/blog\/wp-content\/uploads\/2017\/10\/Team_Rollo_Rieper_vor_Fenster_Grande_Classic_Oknoplast-460x430.jpeg 460w, https:\/\/www.rollorieper.de\/blog\/wp-content\/uploads\/2017\/10\/Team_Rollo_Rieper_vor_Fenster_Grande_Classic_Oknoplast-616x576.jpeg 616w, https:\/\/www.rollorieper.de\/blog\/wp-content\/uploads\/2017\/10\/Team_Rollo_Rieper_vor_Fenster_Grande_Classic_Oknoplast-150x140.jpeg 150w, https:\/\/www.rollorieper.de\/blog\/wp-content\/uploads\/2017\/10\/Team_Rollo_Rieper_vor_Fenster_Grande_Classic_Oknoplast-768x718.jpeg 768w, https:\/\/www.rollorieper.de\/blog\/wp-content\/uploads\/2017\/10\/Team_Rollo_Rieper_vor_Fenster_Grande_Classic_Oknoplast.jpeg 985w\" sizes=\"(max-width: 300px) 100vw, 300px\" \/><\/div>\n<div class=\"post-item-inner\">\n<h2 class=\"title\">Kunststofffenster in der Ausstellung in Bremen bei Rollo Rieper \u2013 Montage f\u00fcr Fenster<\/h2>\n<p><a class=\"btn filled\" title=\"Kunststofffenster in Bremer Ausstellung\" href=\"https:\/\/www.rollorieper.de\/blog\/kunststoff-fenster-bremen.html\"><br \/>\nJetzt lesen<br \/>\n<\/a><\/p>\n<\/div>\n<\/div>\n<\/div>\n<\/div>\n","protected":false},"excerpt":{"rendered":"<p>Autor: Pressemitteilung Regelm\u00e4\u00dfig erhalten wir journalistische Anfragen zu unserem Unternehmen und der zugeh\u00f6rigen Produktwelt. Darum haben wir hier einen Platz f\u00fcr informative Pressemitteilungen eingerichtet, mit Produktank\u00fcndigungen, Veranstaltungshinweisen und tiefen Einblicken in die Geschichte unseres Familienbetriebs. Wir halten Sie zu allen wichtigen Aspekten auf dem Laufenden, in pr\u00e4gnanten Beitr\u00e4gen und mit unserer \u00fcblichen Leidenschaft f\u00fcr Details. [&hellip;]<\/p>\n","protected":false},"author":17,"featured_media":0,"parent":0,"menu_order":0,"comment_status":"closed","ping_status":"closed","template":"","meta":{"_acf_changed":false,"footnotes":""},"class_list":["post-9271","page","type-page","status-publish","hentry"],"acf":[],"_links":{"self":[{"href":"https:\/\/www.rollorieper.de\/blog\/wp-json\/wp\/v2\/pages\/9271","targetHints":{"allow":["GET"]}}],"collection":[{"href":"https:\/\/www.rollorieper.de\/blog\/wp-json\/wp\/v2\/pages"}],"about":[{"href":"https:\/\/www.rollorieper.de\/blog\/wp-json\/wp\/v2\/types\/page"}],"author":[{"embeddable":true,"href":"https:\/\/www.rollorieper.de\/blog\/wp-json\/wp\/v2\/users\/17"}],"replies":[{"embeddable":true,"href":"https:\/\/www.rollorieper.de\/blog\/wp-json\/wp\/v2\/comments?post=9271"}],"version-history":[{"count":10,"href":"https:\/\/www.rollorieper.de\/blog\/wp-json\/wp\/v2\/pages\/9271\/revisions"}],"predecessor-version":[{"id":9325,"href":"https:\/\/www.rollorieper.de\/blog\/wp-json\/wp\/v2\/pages\/9271\/revisions\/9325"}],"wp:attachment":[{"href":"https:\/\/www.rollorieper.de\/blog\/wp-json\/wp\/v2\/media?parent=9271"}],"curies":[{"name":"wp","href":"https:\/\/api.w.org\/{rel}","templated":true}]}}